{"id":1074,"date":"2023-10-04T19:42:15","date_gmt":"2023-10-04T19:42:15","guid":{"rendered":"http:\/\/localhost:8888\/Open-si\/AEPC\/contact-us\/"},"modified":"2023-11-16T09:14:13","modified_gmt":"2023-11-16T09:14:13","slug":"contact-us","status":"publish","type":"page","link":"https:\/\/www.aepcbenin.com\/?page_id=1074&lang=en","title":{"rendered":"Contact us"},"content":{"rendered":"<section class=\"contact-card\">\n  <div class=\"container-fluid pe-0 ps-0\">\n    <div class=\"position-relative text-center\">\n      <div class=\"\">\n        <img decoding=\"async\" src=\"https:\/\/www.aepcbenin.com\/wp-content\/themes\/aepc\/images\/contact-bg-image.png\" class=\"\" alt=\"contact page header\">\n      <\/div>\n      <div class=\"position-absolute top-50 start-50 text-white translate-middle\">\n        <h2 class=\"contact-text\">Contactez-nous<\/h2>\n      <\/div>\n    <\/div>\n    <div class=\"container px-lg-10\">\n      <div class=\"p-6 contact-info-banner\">\n        <div class=\"row row-cols-1 row-cols-md-3 g-4\">\n          <!-- <div class=\"col-lg-4 aepc-contact-tel\">\n            <div class=\"row\">\n              <div class=\"col-2\"><img decoding=\"async\" src=\"https:\/\/www.aepcbenin.com\/wp-content\/themes\/aepc\/images\/contact-tel.svg\" alt=\"\"><\/div>\n              <div class=\"col-5\">\n                <div class=\"col-12\"><h3>T\u00e9l\u00e9phone<\/h3><\/div>\n                <div class=\"col-12\">+229 45 45 4545<\/div>\n              <\/div>\n            <\/div>\n          <\/div> -->\n          <div class=\"offset-lg-2 col-lg-4\">\n            <div class=\"row\">\n              <div class=\"col-2\"><img decoding=\"async\" src=\"https:\/\/www.aepcbenin.com\/wp-content\/themes\/aepc\/images\/contact-mail.svg\" alt=\"\"><\/div>\n              <div class=\"col-5\">\n                <div class=\"col-12\"><h3>e-Mail<\/h3><\/div>\n                <div class=\"col-12\">aepc.registrecarbone@gouv.bj<\/div>\n              <\/div>\n            <\/div>\n          <\/div>\n          <div class=\"col-lg-4\">\n            <div class=\"row\">\n              <div class=\"col-2\"><img decoding=\"async\" src=\"https:\/\/www.aepcbenin.com\/wp-content\/themes\/aepc\/images\/contact-maps.svg\" alt=\"\"><\/div>\n              <div class=\"col-5\">\n                <div class=\"col-12\"><h3>Adresse<\/h3><\/div>\n                <div class=\"col-12\">Cotonou, B\u00e9nin<\/div>\n              <\/div>\n            <\/div>\n          <\/div>\n        <\/div>\n      <\/div>\n      <div class=\"row p-6 mb-6 justify-content-center\">\n        <p>\n        Si vous \u00eates un expert, un d\u00e9veloppeur de projet, un d\u00e9veloppeur de m\u00e9thodologie, un organisme de validation et de v\u00e9rification, ou une entit\u00e9 envisageant l\u2019achat de cr\u00e9dits carbone g\u00e9n\u00e9r\u00e9s via notre syst\u00e8me, n\u2019h\u00e9sitez pas \u00e0 nous r\u00e9pondrons. Veuillez compl\u00e9ter le formulaire ci-dessous, et nous vous r\u00e9pondrons dans les plus brefs d\u00e9lais.        <\/p>\n      <\/div>\n    <\/div>\n\n  <\/div>\n<\/section>\n\n<section class=\"contact-form\">\n  <div class=\"container \">\n    <div class=\"row row-cols row-cols-lg-2 d-flex justify-content-center mb-6\">\n      <div class=\"mt-4\">\n        <div class=\"row col-12 mb-5\">\n          <h2>Formulaire<\/h2>\n        <\/div>\n        \n<div class=\"wpcf7 no-js\" id=\"wpcf7-f1152-o1\" lang=\"fr-FR\" dir=\"ltr\">\n<div class=\"screen-reader-response\"><p role=\"status\" aria-live=\"polite\" aria-atomic=\"true\"><\/p> <ul><\/ul><\/div>\n<form action=\"\/index.php?rest_route=%2Fwp%2Fv2%2Fpages%2F1074#wpcf7-f1152-o1\" method=\"post\" class=\"wpcf7-form init\" aria-label=\"Formulaire de contact\" novalidate=\"novalidate\" data-status=\"init\">\n<div style=\"display: none;\">\n<input type=\"hidden\" name=\"_wpcf7\" value=\"1152\" \/>\n<input type=\"hidden\" name=\"_wpcf7_version\" value=\"5.9.8\" \/>\n<input type=\"hidden\" name=\"_wpcf7_locale\" value=\"fr_FR\" \/>\n<input type=\"hidden\" name=\"_wpcf7_unit_tag\" value=\"wpcf7-f1152-o1\" \/>\n<input type=\"hidden\" name=\"_wpcf7_container_post\" value=\"0\" \/>\n<input type=\"hidden\" name=\"_wpcf7_posted_data_hash\" value=\"\" \/>\n<\/div>\n<div class=\"row g-2\">\n\t<div class=\" col-md-5 mb-3\">\n\t\t<p><label class=\"form-label\" id=\"nameinput\">Nom *<\/label><br \/>\n<span class=\"wpcf7-form-control-wrap\" data-name=\"your-name\"><input size=\"40\" maxlength=\"400\" class=\"wpcf7-form-control wpcf7-text wpcf7-validates-as-required form-control\" id=\"nameinput\" autocomplete=\"name\" aria-required=\"true\" aria-invalid=\"false\" placeholder=\"Nom\" value=\"\" type=\"text\" name=\"your-name\" \/><\/span>\n\t\t<\/p>\n\t<\/div>\n\t<div class=\"col-md-5 mb-3\">\n\t\t<p><label class=\"form-label\" id=\"prenominput\">Pr\u00e9nom *<\/label><br \/>\n<span class=\"wpcf7-form-control-wrap\" data-name=\"your-surname\"><input size=\"40\" maxlength=\"400\" class=\"wpcf7-form-control wpcf7-text wpcf7-validates-as-required form-control\" id=\"prenominput\" autocomplete=\"prenom\" aria-required=\"true\" aria-invalid=\"false\" placeholder=\"Pr\u00e9nom\" value=\"\" type=\"text\" name=\"your-surname\" \/><\/span>\n\t\t<\/p>\n\t<\/div>\n<\/div>\n<div class=\"col-md-10 mb-3\">\n\t<p><label for=\"inputAddress\" class=\"form-label\">Courriel *<\/label><br \/>\n<span class=\"wpcf7-form-control-wrap\" data-name=\"your-email\"><input size=\"40\" maxlength=\"400\" class=\"wpcf7-form-control wpcf7-email wpcf7-validates-as-required wpcf7-text wpcf7-validates-as-email form-control\" id=\"inputAddress\" autocomplete=\"email\" aria-required=\"true\" aria-invalid=\"false\" placeholder=\"Adresse mail\" value=\"\" type=\"email\" name=\"your-email\" \/><\/span>\n\t<\/p>\n<\/div>\n<div class=\"col-md-10 mb-3\">\n\t<p><label for=\"inputcompany\" class=\"form-label\">Nom de l&rsquo;entreprise *<\/label><br \/>\n<span class=\"wpcf7-form-control-wrap\" data-name=\"company-name\"><input size=\"40\" maxlength=\"400\" class=\"wpcf7-form-control wpcf7-text wpcf7-validates-as-required form-control\" id=\"inputcompany\" aria-required=\"true\" aria-invalid=\"false\" placeholder=\"Nom de l&#039;entreprise\" value=\"\" type=\"text\" name=\"company-name\" \/><\/span>\n\t<\/p>\n<\/div>\n<div class=\"col-md-10 mb-3\">\n\t<p><label for=\"inputAddress\" class=\"form-label\">Adresse *<\/label><br \/>\n<span class=\"wpcf7-form-control-wrap\" data-name=\"adress\"><input size=\"40\" maxlength=\"400\" class=\"wpcf7-form-control wpcf7-text wpcf7-validates-as-required form-control\" aria-required=\"true\" aria-invalid=\"false\" placeholder=\"Adresse\" value=\"\" type=\"text\" name=\"adress\" \/><\/span>\n\t<\/p>\n<\/div>\n<div class=\"row g-2\">\n\t<div class=\"col-md-5 mb-3\">\n\t\t<p><label for=\"inputCity\" class=\"form-label\">Ville *<\/label><br \/>\n<span class=\"wpcf7-form-control-wrap\" data-name=\"city\"><input size=\"40\" maxlength=\"400\" class=\"wpcf7-form-control wpcf7-text wpcf7-validates-as-required form-control\" id=\"inputCity\" aria-required=\"true\" aria-invalid=\"false\" placeholder=\"Ville\" value=\"\" type=\"text\" name=\"city\" \/><\/span>\n\t\t<\/p>\n\t<\/div>\n\t<div class=\"col-md-5 mb-3\">\n\t\t<p><label for=\"inputpostal\" class=\"form-label\">Code postal *<\/label><br \/>\n<span class=\"wpcf7-form-control-wrap\" data-name=\"postal\"><input size=\"40\" maxlength=\"400\" class=\"wpcf7-form-control wpcf7-text wpcf7-validates-as-required form-control\" id=\"inputpostal\" aria-required=\"true\" aria-invalid=\"false\" placeholder=\"Code postal\" value=\"\" type=\"text\" name=\"postal\" \/><\/span>\n\t\t<\/p>\n\t<\/div>\n<\/div>\n<div class=\"col-md-10 mb-3\">\n\t<p><label class=\"form-label\">Pays *<\/label><br \/>\n<div class=\"dswcf7_country_sel\">\n\t\t\t<input id=\"\" type=\"text\" name=\"country\"  class=\"wpcf7-form-control wpcf7-country_select wpcf7-validates-as-required form-select col-12 country_select_class\" default_country=\"bj\">\n        <\/div>\n\t<\/p>\n<\/div>\n<div class=\"col-md-10 mb-3\">\n\t<p><label for=\"inputmsg\" class=\"form-label\">Message *<\/label><br \/>\n<span class=\"wpcf7-form-control-wrap\" data-name=\"your-message\"><textarea cols=\"40\" rows=\"10\" maxlength=\"2000\" class=\"wpcf7-form-control wpcf7-textarea wpcf7-validates-as-required form-control\" id=\"inputmsg\" aria-required=\"true\" aria-invalid=\"false\" placeholder=\"Votre message\" name=\"your-message\"><\/textarea><\/span>\n\t<\/p>\n<\/div>\n<div class=\"col-md-10 mb-3\">\n\t<p><span class=\"wpcf7-form-control-wrap\" data-name=\"consent\"><span class=\"wpcf7-form-control wpcf7-checkbox wpcf7-validates-as-required\"><span class=\"wpcf7-list-item first last\"><input type=\"checkbox\" name=\"consent[]\" value=\"En soumettant ce formulaire, j\u2019accepte que les informations saisies soient utilis\u00e9es pour permettre de me recontacter ou r\u00e9pondre \u00e0 ma demande\" \/><span class=\"wpcf7-list-item-label\">En soumettant ce formulaire, j\u2019accepte que les informations saisies soient utilis\u00e9es pour permettre de me recontacter ou r\u00e9pondre \u00e0 ma demande<\/span><\/span><\/span><\/span>\n\t<\/p>\n<\/div>\n<div class=\"pt-3\">\n\t<p><input class=\"wpcf7-form-control wpcf7-submit has-spinner btn btn-primary\" type=\"submit\" value=\"Envoyer\" \/>\n\t<\/p>\n<\/div><div class=\"wpcf7-response-output\" aria-hidden=\"true\"><\/div>\n<\/form>\n<\/div>\n      <\/div>\n\n      <div class=\"mapouter mt-3 mt-lg-0\">\n        <div class=\"gmap_canvas\">\n          <iframe class=\"gmap_iframe\" frameborder=\"0\" scrolling=\"no\" marginheight=\"0\" marginwidth=\"0\" src=\"https:\/\/maps.google.com\/maps?width=467&amp;height=423&amp;hl=en&amp;q=cotonou&amp;t=p&amp;z=14&amp;ie=UTF8&amp;iwloc=B&amp;output=embed\">\n          <\/iframe>\n          <a href=\"https:\/\/connectionsgame.org\/\">Connections Puzzle\n          <\/a>\n        <\/div>\n        <style>\n        <\/style>\n      <\/div>\n    <\/div>\n  <\/div>\n<\/section>","protected":false},"excerpt":{"rendered":"","protected":false},"author":1,"featured_media":0,"parent":0,"menu_order":0,"comment_status":"closed","ping_status":"closed","template":"","meta":{"om_disable_all_campaigns":false,"_monsterinsights_skip_tracking":false,"_monsterinsights_sitenote_active":false,"_monsterinsights_sitenote_note":"","_monsterinsights_sitenote_category":0,"_uf_show_specific_survey":0,"_uf_disable_surveys":false,"footnotes":""},"class_list":["post-1074","page","type-page","status-publish","hentry"],"aioseo_notices":[],"yoast_head":"<!-- This site is optimized with the Yoast SEO plugin v23.1 - https:\/\/yoast.com\/wordpress\/plugins\/seo\/ -->\n<title>Contact us - Autorit\u00e9 d&#039;Enregistrement des Projets Carbone<\/title>\n<meta name=\"robots\" content=\"index, follow, max-snippet:-1, max-image-preview:large, max-video-preview:-1\" \/>\n<link rel=\"canonical\" href=\"https:\/\/www.aepcbenin.com\/?page_id=1074&lang=en\" \/>\n<meta property=\"og:locale\" content=\"fr_FR\" \/>\n<meta property=\"og:type\" content=\"article\" \/>\n<meta property=\"og:title\" content=\"Contact us - Autorit\u00e9 d&#039;Enregistrement des Projets Carbone\" \/>\n<meta property=\"og:url\" content=\"https:\/\/www.aepcbenin.com\/?page_id=1074&amp;lang=en\" \/>\n<meta property=\"og:site_name\" content=\"Autorit\u00e9 d&#039;Enregistrement des Projets Carbone\" \/>\n<meta property=\"article:modified_time\" content=\"2023-11-16T09:14:13+00:00\" \/>\n<meta name=\"twitter:card\" content=\"summary_large_image\" \/>\n<script type=\"application\/ld+json\" class=\"yoast-schema-graph\">{\"@context\":\"https:\/\/schema.org\",\"@graph\":[{\"@type\":\"WebPage\",\"@id\":\"https:\/\/www.aepcbenin.com\/?page_id=1074&lang=en\",\"url\":\"https:\/\/www.aepcbenin.com\/?page_id=1074&lang=en\",\"name\":\"Contact us - Autorit\u00e9 d&#039;Enregistrement des Projets Carbone\",\"isPartOf\":{\"@id\":\"https:\/\/www.aepcbenin.com\/#website\"},\"datePublished\":\"2023-10-04T19:42:15+00:00\",\"dateModified\":\"2023-11-16T09:14:13+00:00\",\"breadcrumb\":{\"@id\":\"https:\/\/www.aepcbenin.com\/?page_id=1074&lang=en#breadcrumb\"},\"inLanguage\":\"fr-FR\",\"potentialAction\":[{\"@type\":\"ReadAction\",\"target\":[\"https:\/\/www.aepcbenin.com\/?page_id=1074&lang=en\"]}]},{\"@type\":\"BreadcrumbList\",\"@id\":\"https:\/\/www.aepcbenin.com\/?page_id=1074&lang=en#breadcrumb\",\"itemListElement\":[{\"@type\":\"ListItem\",\"position\":1,\"name\":\"Accueil\",\"item\":\"https:\/\/www.aepcbenin.com\/\"},{\"@type\":\"ListItem\",\"position\":2,\"name\":\"Contact us\"}]},{\"@type\":\"WebSite\",\"@id\":\"https:\/\/www.aepcbenin.com\/#website\",\"url\":\"https:\/\/www.aepcbenin.com\/\",\"name\":\"Autorite Enregistrement des Projets Carbone\",\"description\":\"\",\"publisher\":{\"@id\":\"https:\/\/www.aepcbenin.com\/#organization\"},\"potentialAction\":[{\"@type\":\"SearchAction\",\"target\":{\"@type\":\"EntryPoint\",\"urlTemplate\":\"https:\/\/www.aepcbenin.com\/?s={search_term_string}\"},\"query-input\":\"required name=search_term_string\"}],\"inLanguage\":\"fr-FR\"},{\"@type\":\"Organization\",\"@id\":\"https:\/\/www.aepcbenin.com\/#organization\",\"name\":\"Autorite Enregistrement des Projets Carbone\",\"url\":\"https:\/\/www.aepcbenin.com\/\",\"logo\":{\"@type\":\"ImageObject\",\"inLanguage\":\"fr-FR\",\"@id\":\"https:\/\/www.aepcbenin.com\/#\/schema\/logo\/image\/\",\"url\":\"https:\/\/www.aepcbenin.com\/wp-content\/uploads\/2023\/10\/aepc-icon-1.png\",\"contentUrl\":\"https:\/\/www.aepcbenin.com\/wp-content\/uploads\/2023\/10\/aepc-icon-1.png\",\"width\":512,\"height\":522,\"caption\":\"Autorite Enregistrement des Projets Carbone\"},\"image\":{\"@id\":\"https:\/\/www.aepcbenin.com\/#\/schema\/logo\/image\/\"}}]}<\/script>\n<!-- \/ Yoast SEO plugin. -->","yoast_head_json":{"title":"Contact us - Autorit\u00e9 d&#039;Enregistrement des Projets Carbone","robots":{"index":"index","follow":"follow","max-snippet":"max-snippet:-1","max-image-preview":"max-image-preview:large","max-video-preview":"max-video-preview:-1"},"canonical":"https:\/\/www.aepcbenin.com\/?page_id=1074&lang=en","og_locale":"fr_FR","og_type":"article","og_title":"Contact us - Autorit\u00e9 d&#039;Enregistrement des Projets Carbone","og_url":"https:\/\/www.aepcbenin.com\/?page_id=1074&lang=en","og_site_name":"Autorit\u00e9 d&#039;Enregistrement des Projets Carbone","article_modified_time":"2023-11-16T09:14:13+00:00","twitter_card":"summary_large_image","schema":{"@context":"https:\/\/schema.org","@graph":[{"@type":"WebPage","@id":"https:\/\/www.aepcbenin.com\/?page_id=1074&lang=en","url":"https:\/\/www.aepcbenin.com\/?page_id=1074&lang=en","name":"Contact us - Autorit\u00e9 d&#039;Enregistrement des Projets Carbone","isPartOf":{"@id":"https:\/\/www.aepcbenin.com\/#website"},"datePublished":"2023-10-04T19:42:15+00:00","dateModified":"2023-11-16T09:14:13+00:00","breadcrumb":{"@id":"https:\/\/www.aepcbenin.com\/?page_id=1074&lang=en#breadcrumb"},"inLanguage":"fr-FR","potentialAction":[{"@type":"ReadAction","target":["https:\/\/www.aepcbenin.com\/?page_id=1074&lang=en"]}]},{"@type":"BreadcrumbList","@id":"https:\/\/www.aepcbenin.com\/?page_id=1074&lang=en#breadcrumb","itemListElement":[{"@type":"ListItem","position":1,"name":"Accueil","item":"https:\/\/www.aepcbenin.com\/"},{"@type":"ListItem","position":2,"name":"Contact us"}]},{"@type":"WebSite","@id":"https:\/\/www.aepcbenin.com\/#website","url":"https:\/\/www.aepcbenin.com\/","name":"Autorite Enregistrement des Projets Carbone","description":"","publisher":{"@id":"https:\/\/www.aepcbenin.com\/#organization"},"potentialAction":[{"@type":"SearchAction","target":{"@type":"EntryPoint","urlTemplate":"https:\/\/www.aepcbenin.com\/?s={search_term_string}"},"query-input":"required name=search_term_string"}],"inLanguage":"fr-FR"},{"@type":"Organization","@id":"https:\/\/www.aepcbenin.com\/#organization","name":"Autorite Enregistrement des Projets Carbone","url":"https:\/\/www.aepcbenin.com\/","logo":{"@type":"ImageObject","inLanguage":"fr-FR","@id":"https:\/\/www.aepcbenin.com\/#\/schema\/logo\/image\/","url":"https:\/\/www.aepcbenin.com\/wp-content\/uploads\/2023\/10\/aepc-icon-1.png","contentUrl":"https:\/\/www.aepcbenin.com\/wp-content\/uploads\/2023\/10\/aepc-icon-1.png","width":512,"height":522,"caption":"Autorite Enregistrement des Projets Carbone"},"image":{"@id":"https:\/\/www.aepcbenin.com\/#\/schema\/logo\/image\/"}}]}},"acf":[],"_links":{"self":[{"href":"https:\/\/www.aepcbenin.com\/index.php?rest_route=\/wp\/v2\/pages\/1074","targetHints":{"allow":["GET"]}}],"collection":[{"href":"https:\/\/www.aepcbenin.com\/index.php?rest_route=\/wp\/v2\/pages"}],"about":[{"href":"https:\/\/www.aepcbenin.com\/index.php?rest_route=\/wp\/v2\/types\/page"}],"author":[{"embeddable":true,"href":"https:\/\/www.aepcbenin.com\/index.php?rest_route=\/wp\/v2\/users\/1"}],"replies":[{"embeddable":true,"href":"https:\/\/www.aepcbenin.com\/index.php?rest_route=%2Fwp%2Fv2%2Fcomments&post=1074"}],"version-history":[{"count":4,"href":"https:\/\/www.aepcbenin.com\/index.php?rest_route=\/wp\/v2\/pages\/1074\/revisions"}],"predecessor-version":[{"id":1451,"href":"https:\/\/www.aepcbenin.com\/index.php?rest_route=\/wp\/v2\/pages\/1074\/revisions\/1451"}],"wp:attachment":[{"href":"https:\/\/www.aepcbenin.com\/index.php?rest_route=%2Fwp%2Fv2%2Fmedia&parent=1074"}],"curies":[{"name":"wp","href":"https:\/\/api.w.org\/{rel}","templated":true}]}}