{"id":1075,"date":"2023-09-26T16:02:09","date_gmt":"2023-09-26T16:02:09","guid":{"rendered":"http:\/\/localhost:8888\/Open-si\/AEPC\/home\/"},"modified":"2024-07-05T16:41:58","modified_gmt":"2024-07-05T16:41:58","slug":"home","status":"publish","type":"page","link":"https:\/\/www.aepcbenin.com\/?page_id=1075&lang=en","title":{"rendered":"Home"},"content":{"rendered":"<style>@media (min-width: 800px) {.headline { background: url(https:\/\/www.aepcbenin.com\/wp-content\/uploads\/2024\/04\/mangrove1.png) right center; }}<\/style>\n<section id=\"block-custom-header-block_65243258ef869\" class=\"header the-custom-header\">\n  <!-- <div class=\"headline\" style=\"background: url(https:\/\/www.aepcbenin.com\/wp-content\/uploads\/2024\/04\/mangrove1.png) right center;\"> -->\n    <div class=\"d-lg-none\">\n      <div class=\"mobile-player\">\n        <div class=\"player mobile-player\" style=\"background: url(https:\/\/www.aepcbenin.com\/wp-content\/uploads\/2024\/04\/mangrove1.png) right center;\">\n          <img decoding=\"async\" class=\"\" src=\"https:\/\/www.aepcbenin.com\/wp-content\/uploads\/2024\/04\/play-circle.svg\" alt=\"\" id=\"aepc-launch-mobile-video\">\n          <div class=\"col-12 text text-center\">\n            Discover the future of agriculture in Benin          <\/div>\n        <\/div>\n        <!-- Modal -->\n      <div class=\"modal fade\" id=\"videomobileModal\" tabindex=\"-1\" role=\"dialog\" aria-labelledby=\"videoModalLabel\" aria-hidden=\"true\">\n        <div class=\"modal-dialog modal-xl modal-dialog-centered\">\n          <div class=\"modal-content\">\n            <div class=\"modal-header pt-0 pb-0\">\n              <!-- <button type=\"button\" class=\"close\" data-dismiss=\"modal\" aria-label=\"Close\"> -->\n              <span aria-hidden=\"true\" class=\"close\"><img decoding=\"async\" src=\"https:\/\/www.aepcbenin.com\/wp-content\/uploads\/2024\/04\/close-circle.svg\" alt=\"\"><\/span>\n              <!-- <\/button> -->\n            <\/div>\n            <div class=\"modal-body\">\n              <!-- Embedded video player -->\n              <video disablepictureinpicture preload=\"metadata\" poster=\"\" data-not-lazy=\"\" class=\"video video-mobile\" muted autoplay controls>\n                <source src=\"https:\/\/ia800300.us.archive.org\/21\/items\/future-of-agriculture-in-benin\/Future%20of%20agriculture%20in%20Benin.ia.mp4\" type=\"video\/mp4\">\n                <p>You browser can&rsquo;t not read this video<\/p>\n              <\/video>\n            <\/div>\n          <\/div>\n        <\/div>\n      <\/div>\n      <\/div>\n    <\/div>\n  <div class=\"headline\">\n    <div class=\"player d-none d-lg-flex desktop-player\">\n      <img decoding=\"async\" class=\"\" src=\"https:\/\/www.aepcbenin.com\/wp-content\/uploads\/2024\/04\/play-circle.svg\" alt=\"\" id=\"aepc-launch-video\">\n      <div class=\"col-6 text\">\n        Discover the future of agriculture in Benin      <\/div>\n\n      <!-- Modal -->\n      <div class=\"modal fade\" id=\"videoModal\" tabindex=\"-1\" role=\"dialog\" aria-labelledby=\"videoModalLabel\" aria-hidden=\"true\">\n        <div class=\"modal-dialog modal-xl modal-dialog-centered\">\n          <div class=\"modal-content\">\n            <div class=\"modal-header pt-0 pb-0\">\n              <!-- <button type=\"button\" class=\"close\" data-dismiss=\"modal\" aria-label=\"Close\"> -->\n              <span aria-hidden=\"true\" class=\"close\"><img decoding=\"async\" src=\"https:\/\/www.aepcbenin.com\/wp-content\/uploads\/2024\/04\/close-circle.svg\" alt=\"\"><\/span>\n              <!-- <\/button> -->\n            <\/div>\n            <div class=\"modal-body\">\n              <!-- Embedded video player -->\n              <video disablepictureinpicture preload=\"metadata\" poster=\"\" data-not-lazy=\"\" class=\"video video-desktop\" muted autoplay controls>\n                <source src=\"https:\/\/ia800300.us.archive.org\/21\/items\/future-of-agriculture-in-benin\/Future%20of%20agriculture%20in%20Benin.ia.mp4\" type=\"video\/mp4\">\n                <p>You browser can&rsquo;t not read this video<\/p>\n              <\/video>\n            <\/div>\n          <\/div>\n        <\/div>\n      <\/div>\n    <\/div>\n    <div class=\"container\">\n      <div class=\"headline-content col-lg-5 py-4 py-lg-10\">\n        <h1>Building a green future together<\/h1>\n        <p class=\"col-lg-10 mt-6 mb-6\">Discover how we support your eco-friendly initiatives while guiding you through the legal aspects<\/p>\n      <\/div>\n    <\/div>\n  <\/div>\n  <div class=\"container d-none d-lg-block\">\n    <div class=\"row\">\n      <div class=\"col-lg-8\">\n        <p class=\"headline-footer-left\"><a href=\"https:\/\/www.aepcbenin.com\/vision-and-mission\/?lang=en\">Discover AEPC<img decoding=\"async\" src=\"https:\/\/www.aepcbenin.com\/wp-content\/themes\/aepc\/images\/right-arrow.svg\" alt=\"\"><\/a><\/p>\n      <\/div>\n      <div class=\"col-lg-4\">\n        <div class=\"d-flex align-items-center justify-content-center headline-footer-right\">\n          <div class=\"education\"><img decoding=\"async\" src=\"https:\/\/www.aepcbenin.com\/wp-content\/themes\/aepc\/images\/education.svg\" alt=\"\"><\/div>\n          <a href=\"https:\/\/www.aepcbenin.com\/projets-carbone\/?lang=en\" class=\"mb-0\">Explore the national register of carbon projects<\/a>\n          <div><img decoding=\"async\" src=\"https:\/\/www.aepcbenin.com\/wp-content\/themes\/aepc\/images\/right-arrow.svg\" alt=\"\"><\/div>\n        <\/div>\n      <\/div>\n    <\/div>\n  <\/div>\n<\/section>\n\n\n<section class=\"mission\">\n  <div class=\"container\">\n    <div class=\"row\">\n      <div class=\"col-lg-11 mx-auto\">\n        <div class=\"text-center\">\n          <h2 class=\" mb-5\">Nos missions<\/h2>\n        <\/div>\n        <div class=\"row\">\n          <div class=\"col-lg-4 \">\n            <div class=\"mission-blog\">\n              <div class=\"mission-logo\"><img decoding=\"async\" src=\"https:\/\/www.aepcbenin.com\/wp-content\/themes\/aepc\/images\/plant-pot.svg\" alt=\"\"><\/div>\n              <div>Promouvoir les projets carbone<\/div>\n            <\/div>\n          <\/div>\n          <div class=\"col-lg-4\">\n            <div class=\"mission-blog\">\n              <div class=\"mission-logo\"><img decoding=\"async\" src=\"https:\/\/www.aepcbenin.com\/wp-content\/themes\/aepc\/images\/shied.svg\" alt=\"\"><\/div>\n              <div>Garantir le respect des normes et standards<\/div>\n            <\/div>\n          <\/div>\n          <div class=\"col-lg-4\">\n            <div class=\"mission-blog\">\n              <div class=\"mission-logo\"><img decoding=\"async\" src=\"https:\/\/www.aepcbenin.com\/wp-content\/themes\/aepc\/images\/arrow-zig-zag.svg\" alt=\"\"><\/div>\n              <div>Faciliter l&rsquo;enregistrement et le suivi des projets carbone<\/div>\n            <\/div>\n          <\/div>\n        <\/div>\n      <\/div>\n    <\/div>\n  <\/div>\n<\/section>\n\n<section class=\"news\">\n  <div class=\"container\">\n    <div class=\"row\">\n      <div class=\"col-12 mb-lg-6\">\n        <div class=\"d-flex align-items-center justify-content-between\">\n          <h2>Actualit\u00e9s<\/h2>\n          <div><a class=\"link-to-underlined\" href=\"https:\/\/www.aepcbenin.com\/?page_id=878\">VOIR TOUT<span><img decoding=\"async\" src=\"https:\/\/www.aepcbenin.com\/wp-content\/themes\/aepc\/images\/arrow-right.svg\" alt=\"\"><\/span><\/a><\/div>\n        <\/div>\n      <\/div>\n      <div class=\"row\">\n                              <div class=\"col-lg-4 mb-7 mb-lg-0 blog-container\">\n              <div class=\"mb-3\"><a href=\"https:\/\/www.aepcbenin.com\/?p=919\"><img decoding=\"async\" class=\"w-100\" src=\"https:\/\/www.aepcbenin.com\/wp-content\/uploads\/2023\/10\/post.png\" alt=\"\"><\/a><\/div>\n              <div class=\"d-flex justify-content-between mb-3\">\n                <div class=\"news-pill\">Communiqu\u00e9<\/div>\n                <div class=\"news-date\">10 Oct 2023<\/div>\n              <\/div>\n              <p class=\"mb-0 news-blog\"><a href=\"https:\/\/www.aepcbenin.com\/?p=919\">Comment les Projets Carbone Contribuent-ils \u00e0 un Avenir Durable ?<\/a><\/p>\n            <\/div>\n\n                        <\/div>\n    <\/div>\n  <\/div>\n<\/section>\n\n<section class=\"ressources\">\n  <div class=\"container\">\n    <div class=\"row\">\n      <div class=\"col-lg-12\">\n        <div class=\"row\">\n          <div class=\"col-12 mb-6\">\n            <div class=\"d-flex align-items-center justify-content-between \">\n              <h2>Ressources<\/h2>\n              <div><a class=\"link-to-underlined\" href=\"https:\/\/www.aepcbenin.com\/?page_id=1542&#038;lang=en\">VOIR TOUT <span><img decoding=\"async\" src=\"https:\/\/www.aepcbenin.com\/wp-content\/themes\/aepc\/images\/arrow-right.svg\" alt=\"\"><\/span><\/a><\/div>\n            <\/div>\n          <\/div>\n\n          <div class=\"col-lg-6 mb-6 mb-lg-0\">\n            <div class=\"ressources-blog\">\n              <div class=\"row\">\n                <div class=\"ressources-blog-mini col-4 pe-2\">\n                  <div><img decoding=\"async\" class=\"w-100\" src=\"https:\/\/www.aepcbenin.com\/wp-content\/themes\/aepc\/images\/decret.png\" alt=\"\"><\/div>\n                  <div class=\"blog-mini\">\n                    <p class=\"mb-0\">2022 \u2013 698<\/p>\n                  <\/div>\n                <\/div>\n                <div class=\"col-8\">\n                  <h5>Decree No. 2022 &#8211; 698 OF DECEMBER 07, 2022<\/h5>\n                  <p class=\"mb-2\">setting the terms and conditions for the registration of carbon projects in the Republic of Benin.<\/p>\n                  <div class=\"mb-2 mb-lg-10\">\n                    <span>PDF<\/span>\n                    <span class=\"pipe0\"><\/span>\n                    <span>2.18MB<\/span>\n                  <\/div>\n                  <div class=\"col-12 row d-inline\">\n                    <a class=\"btn-read-ressources text-center col-6 me-2 ms-2\" href=\"https:\/\/www.aepcbenin.com\/wp-content\/uploads\/2023\/10\/Decret-enregistrement-projet-carbone.pdf\">Lire<\/a>\n                    <a class=\"btn-download-ressources col-6 text-center\" href=\"https:\/\/www.aepcbenin.com\/wp-content\/uploads\/2023\/10\/Decret-enregistrement-projet-carbone.pdf\" download>T\u00e9l\u00e9charger<\/a>\n                  <\/div>\n                <\/div>\n              <\/div>\n            <\/div>\n          <\/div>\n\n          <div class=\"col-lg-6\">\n            <div class=\"ressources-blog d-none d-lg-block\">\n              <div class=\"row\">\n                <div class=\"ressources-blog-mini col-4 pe-2\">\n                  <div><img decoding=\"async\" class=\"w-100\" src=\"https:\/\/www.aepcbenin.com\/wp-content\/themes\/aepc\/images\/decret.png\" alt=\"\"><\/div>\n                  <div class=\"blog-mini\" class=\"\">\n                    <p class=\"mb-0\">2022 \u2013 699<\/p>\n                  <\/div>\n                <\/div>\n                <div class=\"col-8\">\n                  <h5>Decree N\u00b0 2022 &#8211; 699 DECEMBER 07, 2022<\/h5>\n                  <p class=\"mb-2\">on the creation, powers, organization and operation.<\/p>\n                  <div class=\"mb-2 mb-lg-10\">\n                    <span>PDF<\/span>\n                    <span class=\"pipe0\"><\/span>\n                    <span>0.73MB<\/span>\n                  <\/div>\n                  <div class=\"col-12 row d-inline\">\n                    <a class=\"btn-read-ressources text-center col-6 me-2 ms-2\" href=\"https:\/\/www.aepcbenin.com\/wp-content\/uploads\/2023\/10\/decret-2022-699-Autorite-Projets-carbone.pdf\">Lire<\/a>\n                    <a class=\"btn-download-ressources col-6 text-center\" href=\"https:\/\/www.aepcbenin.com\/wp-content\/uploads\/2023\/10\/decret-2022-699-Autorite-Projets-carbone.pdf\">T\u00e9l\u00e9charger<\/a>\n                  <\/div>\n                <\/div>\n              <\/div>\n            <\/div>\n          <\/div>\n        <\/div>\n      <\/div>\n      <div class=\"col-lg-12 my-6 my-lg-8\">\n        <div class=\"rocket-blog col-12\">\n          <div class=\"mr-7 col-9\">\n            <h4>Soumettez votre projet carbone d\u00e8s aujourd&rsquo;hui !<\/h4>\n            <p class=\"mb-6\">Vous avez une id\u00e9e innovante pour r\u00e9duire les \u00e9missions de carbone ? Soumettez votre\n              projet carbone et participez \u00e0 la cr\u00e9ation d&rsquo;un avenir plus durable. <\/p>\n          <\/div>\n          <a class=\"btn-soumettre\" href=\"https:\/\/www.aepcbenin.com\/carbon-submission\/?lang=fr\">Soumettre un projet<\/a>\n          <div class=\"rocket-blog-img\"><img decoding=\"async\" src=\"https:\/\/www.aepcbenin.com\/wp-content\/themes\/aepc\/images\/rocket.svg\" alt=\"\"><\/div>\n        <\/div>\n      <\/div>\n    <\/div>\n  <\/div>\n<\/section>\n\n<section class=\"partner\">\n  <div class=\"container\">\n    <div class=\"row\">\n      <div class=\"col-lg-11 mx-auto\">\n        <div class=\" text-center\">\n          <h2 class=\"mb-6\">Nos partenaires<\/h2>\n        <\/div>\n        <div class=\"responsive\">\n                        <div>\n                <div class=\"logo text-center text-lg-start\">\n                  <div class=\"d-inline-block\"> <img decoding=\"async\" src=\"https:\/\/www.aepcbenin.com\/wp-content\/uploads\/2024\/04\/Logo-ieta.png\" \/><\/div>\n                <\/div>\n              <\/div>\n                        <div>\n                <div class=\"logo text-center text-lg-start\">\n                  <div class=\"d-inline-block\"> <img decoding=\"async\" src=\"https:\/\/www.aepcbenin.com\/wp-content\/uploads\/2024\/04\/Logo-Gold-standard.png\" \/><\/div>\n                <\/div>\n              <\/div>\n                        <div>\n                <div class=\"logo text-center text-lg-start\">\n                  <div class=\"d-inline-block\"> <img decoding=\"async\" src=\"https:\/\/www.aepcbenin.com\/wp-content\/uploads\/2024\/04\/Logo-Verra.png\" \/><\/div>\n                <\/div>\n              <\/div>\n                        <div>\n                <div class=\"logo text-center text-lg-start\">\n                  <div class=\"d-inline-block\"> <img decoding=\"async\" src=\"https:\/\/www.aepcbenin.com\/wp-content\/uploads\/2024\/04\/Logo-Ormex.png\" \/><\/div>\n                <\/div>\n              <\/div>\n                        <div>\n                <div class=\"logo text-center text-lg-start\">\n                  <div class=\"d-inline-block\"> <img decoding=\"async\" src=\"https:\/\/www.aepcbenin.com\/wp-content\/uploads\/2024\/04\/Logo-FAO.png\" \/><\/div>\n                <\/div>\n              <\/div>\n                  <\/div>\n      <\/div>\n    <\/div>\n  <\/div>\n<\/section>","protected":false},"excerpt":{"rendered":"<p>Find out how we support your initiatives<br \/>\nwhile helping you navigate your way around the world.<br \/>\nlegal frameworks.<\/p>\n","protected":false},"author":1,"featured_media":0,"parent":0,"menu_order":0,"comment_status":"closed","ping_status":"closed","template":"","meta":{"om_disable_all_campaigns":false,"_monsterinsights_skip_tracking":false,"_monsterinsights_sitenote_active":false,"_monsterinsights_sitenote_note":"","_monsterinsights_sitenote_category":0,"_uf_show_specific_survey":0,"_uf_disable_surveys":false,"footnotes":""},"class_list":["post-1075","page","type-page","status-publish","hentry"],"aioseo_notices":[],"yoast_head":"<!-- This site is optimized with the Yoast SEO plugin v23.1 - https:\/\/yoast.com\/wordpress\/plugins\/seo\/ -->\n<title>Home - Autorit\u00e9 d&#039;Enregistrement des Projets Carbone<\/title>\n<meta name=\"robots\" content=\"index, follow, max-snippet:-1, max-image-preview:large, max-video-preview:-1\" \/>\n<link rel=\"canonical\" href=\"https:\/\/www.aepcbenin.com\/?page_id=1075&lang=en\" \/>\n<meta property=\"og:locale\" content=\"fr_FR\" \/>\n<meta property=\"og:type\" content=\"article\" \/>\n<meta property=\"og:title\" content=\"Home - Autorit\u00e9 d&#039;Enregistrement des Projets Carbone\" \/>\n<meta property=\"og:description\" content=\"Find out how we support your initiatives  while helping you navigate your way around the world.  legal frameworks.\" \/>\n<meta property=\"og:url\" content=\"https:\/\/www.aepcbenin.com\/?page_id=1075&amp;lang=en\" \/>\n<meta property=\"og:site_name\" content=\"Autorit\u00e9 d&#039;Enregistrement des Projets Carbone\" \/>\n<meta property=\"article:modified_time\" content=\"2024-07-05T16:41:58+00:00\" \/>\n<meta name=\"twitter:card\" content=\"summary_large_image\" \/>\n<script type=\"application\/ld+json\" class=\"yoast-schema-graph\">{\"@context\":\"https:\/\/schema.org\",\"@graph\":[{\"@type\":\"WebPage\",\"@id\":\"https:\/\/www.aepcbenin.com\/?page_id=1075&lang=en\",\"url\":\"https:\/\/www.aepcbenin.com\/?page_id=1075&lang=en\",\"name\":\"Home - Autorit\u00e9 d&#039;Enregistrement des Projets Carbone\",\"isPartOf\":{\"@id\":\"https:\/\/www.aepcbenin.com\/#website\"},\"datePublished\":\"2023-09-26T16:02:09+00:00\",\"dateModified\":\"2024-07-05T16:41:58+00:00\",\"breadcrumb\":{\"@id\":\"https:\/\/www.aepcbenin.com\/?page_id=1075&lang=en#breadcrumb\"},\"inLanguage\":\"fr-FR\",\"potentialAction\":[{\"@type\":\"ReadAction\",\"target\":[\"https:\/\/www.aepcbenin.com\/?page_id=1075&lang=en\"]}]},{\"@type\":\"BreadcrumbList\",\"@id\":\"https:\/\/www.aepcbenin.com\/?page_id=1075&lang=en#breadcrumb\",\"itemListElement\":[{\"@type\":\"ListItem\",\"position\":1,\"name\":\"Accueil\",\"item\":\"https:\/\/www.aepcbenin.com\/\"},{\"@type\":\"ListItem\",\"position\":2,\"name\":\"Home\"}]},{\"@type\":\"WebSite\",\"@id\":\"https:\/\/www.aepcbenin.com\/#website\",\"url\":\"https:\/\/www.aepcbenin.com\/\",\"name\":\"Autorite Enregistrement des Projets Carbone\",\"description\":\"\",\"publisher\":{\"@id\":\"https:\/\/www.aepcbenin.com\/#organization\"},\"potentialAction\":[{\"@type\":\"SearchAction\",\"target\":{\"@type\":\"EntryPoint\",\"urlTemplate\":\"https:\/\/www.aepcbenin.com\/?s={search_term_string}\"},\"query-input\":\"required name=search_term_string\"}],\"inLanguage\":\"fr-FR\"},{\"@type\":\"Organization\",\"@id\":\"https:\/\/www.aepcbenin.com\/#organization\",\"name\":\"Autorite Enregistrement des Projets Carbone\",\"url\":\"https:\/\/www.aepcbenin.com\/\",\"logo\":{\"@type\":\"ImageObject\",\"inLanguage\":\"fr-FR\",\"@id\":\"https:\/\/www.aepcbenin.com\/#\/schema\/logo\/image\/\",\"url\":\"https:\/\/www.aepcbenin.com\/wp-content\/uploads\/2023\/10\/aepc-icon-1.png\",\"contentUrl\":\"https:\/\/www.aepcbenin.com\/wp-content\/uploads\/2023\/10\/aepc-icon-1.png\",\"width\":512,\"height\":522,\"caption\":\"Autorite Enregistrement des Projets Carbone\"},\"image\":{\"@id\":\"https:\/\/www.aepcbenin.com\/#\/schema\/logo\/image\/\"}}]}<\/script>\n<!-- \/ Yoast SEO plugin. -->","yoast_head_json":{"title":"Home - Autorit\u00e9 d&#039;Enregistrement des Projets Carbone","robots":{"index":"index","follow":"follow","max-snippet":"max-snippet:-1","max-image-preview":"max-image-preview:large","max-video-preview":"max-video-preview:-1"},"canonical":"https:\/\/www.aepcbenin.com\/?page_id=1075&lang=en","og_locale":"fr_FR","og_type":"article","og_title":"Home - Autorit\u00e9 d&#039;Enregistrement des Projets Carbone","og_description":"Find out how we support your initiatives  while helping you navigate your way around the world.  legal frameworks.","og_url":"https:\/\/www.aepcbenin.com\/?page_id=1075&lang=en","og_site_name":"Autorit\u00e9 d&#039;Enregistrement des Projets Carbone","article_modified_time":"2024-07-05T16:41:58+00:00","twitter_card":"summary_large_image","schema":{"@context":"https:\/\/schema.org","@graph":[{"@type":"WebPage","@id":"https:\/\/www.aepcbenin.com\/?page_id=1075&lang=en","url":"https:\/\/www.aepcbenin.com\/?page_id=1075&lang=en","name":"Home - Autorit\u00e9 d&#039;Enregistrement des Projets Carbone","isPartOf":{"@id":"https:\/\/www.aepcbenin.com\/#website"},"datePublished":"2023-09-26T16:02:09+00:00","dateModified":"2024-07-05T16:41:58+00:00","breadcrumb":{"@id":"https:\/\/www.aepcbenin.com\/?page_id=1075&lang=en#breadcrumb"},"inLanguage":"fr-FR","potentialAction":[{"@type":"ReadAction","target":["https:\/\/www.aepcbenin.com\/?page_id=1075&lang=en"]}]},{"@type":"BreadcrumbList","@id":"https:\/\/www.aepcbenin.com\/?page_id=1075&lang=en#breadcrumb","itemListElement":[{"@type":"ListItem","position":1,"name":"Accueil","item":"https:\/\/www.aepcbenin.com\/"},{"@type":"ListItem","position":2,"name":"Home"}]},{"@type":"WebSite","@id":"https:\/\/www.aepcbenin.com\/#website","url":"https:\/\/www.aepcbenin.com\/","name":"Autorite Enregistrement des Projets Carbone","description":"","publisher":{"@id":"https:\/\/www.aepcbenin.com\/#organization"},"potentialAction":[{"@type":"SearchAction","target":{"@type":"EntryPoint","urlTemplate":"https:\/\/www.aepcbenin.com\/?s={search_term_string}"},"query-input":"required name=search_term_string"}],"inLanguage":"fr-FR"},{"@type":"Organization","@id":"https:\/\/www.aepcbenin.com\/#organization","name":"Autorite Enregistrement des Projets Carbone","url":"https:\/\/www.aepcbenin.com\/","logo":{"@type":"ImageObject","inLanguage":"fr-FR","@id":"https:\/\/www.aepcbenin.com\/#\/schema\/logo\/image\/","url":"https:\/\/www.aepcbenin.com\/wp-content\/uploads\/2023\/10\/aepc-icon-1.png","contentUrl":"https:\/\/www.aepcbenin.com\/wp-content\/uploads\/2023\/10\/aepc-icon-1.png","width":512,"height":522,"caption":"Autorite Enregistrement des Projets Carbone"},"image":{"@id":"https:\/\/www.aepcbenin.com\/#\/schema\/logo\/image\/"}}]}},"acf":[],"_links":{"self":[{"href":"https:\/\/www.aepcbenin.com\/index.php?rest_route=\/wp\/v2\/pages\/1075","targetHints":{"allow":["GET"]}}],"collection":[{"href":"https:\/\/www.aepcbenin.com\/index.php?rest_route=\/wp\/v2\/pages"}],"about":[{"href":"https:\/\/www.aepcbenin.com\/index.php?rest_route=\/wp\/v2\/types\/page"}],"author":[{"embeddable":true,"href":"https:\/\/www.aepcbenin.com\/index.php?rest_route=\/wp\/v2\/users\/1"}],"replies":[{"embeddable":true,"href":"https:\/\/www.aepcbenin.com\/index.php?rest_route=%2Fwp%2Fv2%2Fcomments&post=1075"}],"version-history":[{"count":26,"href":"https:\/\/www.aepcbenin.com\/index.php?rest_route=\/wp\/v2\/pages\/1075\/revisions"}],"predecessor-version":[{"id":1766,"href":"https:\/\/www.aepcbenin.com\/index.php?rest_route=\/wp\/v2\/pages\/1075\/revisions\/1766"}],"wp:attachment":[{"href":"https:\/\/www.aepcbenin.com\/index.php?rest_route=%2Fwp%2Fv2%2Fmedia&parent=1075"}],"curies":[{"name":"wp","href":"https:\/\/api.w.org\/{rel}","templated":true}]}}