{"id":641,"date":"2023-09-28T19:15:42","date_gmt":"2023-09-28T17:15:42","guid":{"rendered":"https:\/\/aupca.owlcrea.com\/?page_id=641"},"modified":"2023-11-16T08:43:03","modified_gmt":"2023-11-16T08:43:03","slug":"vision-et-mission","status":"publish","type":"page","link":"https:\/\/www.aepcbenin.com\/?page_id=641","title":{"rendered":"Vision et missions"},"content":{"rendered":"<section class=\"aepc-text-wimg mt-lg-8 mb-8\">\n  <div class=\"container\">\n    <div class=\"row\">\n      <div class=\"col-12 col-lg-3 aepc-cover me-lg-4\">\n        <div class=\"col-12 aepc-cover-img\" style=\"background-image: url(https:\/\/www.aepcbenin.com\/wp-content\/uploads\/2023\/10\/mission-cover.png)\"><\/div>\n        <div class=\"col-12 aepc-cover-text\">\n          <h3><\/h3>\n          <p><\/p>\n        <\/div>\n      <\/div>\n      <div class=\"col-12 col-lg-8 aepc-text-content\">\n        <h4>L&rsquo;Autorit\u00e9 d&rsquo;Enregistrement des Projets Carbone (AEPC) au B\u00e9nin assume trois missions cruciales pour la promotion et la r\u00e9gulation des projets carbone.\u00a0<\/h4>\n        <hr>\n        <div>\n        <p>Tout d&rsquo;abord, l&rsquo;AEPC vise \u00e0 garantir la souverainet\u00e9 des actifs carbone sur le territoire national et \u00e0 promouvoir activement les projets carbone en offrant un cadre structur\u00e9 pour leur enregistrement et mise en valeur sur les march\u00e9s carbone. En assurant la mise en \u0153uvre des projets conforme \u00e0 la l\u00e9gislation nationale et aux objectifs de d\u00e9veloppement durable du pays, l\u2019AEPC renforce la cr\u00e9dibilit\u00e9 des projets et les rend attrayants pour les investisseurs. En assurant \u00e9galement l\u2019enregistrement des projets carbone sur le territoire b\u00e9ninois selon un m\u00e9canisme d\u00e9termin\u00e9, elle facilite leur \u00e9change sur les march\u00e9s, incitant ainsi les d\u00e9veloppeurs \u00e0 investir et \u00e0 contribuer \u00e0 la r\u00e9duction des \u00e9missions. Cette promotion des projets carbone favorise un environnement transparent et responsable, renfor\u00e7ant ainsi le soutien des parties prenantes et l&rsquo;attrait des investissements dans le secteur.<\/p>\n<p>En second lieu, l&rsquo;AEPC s&rsquo;applique \u00e0 garantir le respect des normes et des standards internationaux. Les registres du carbone fournissent un cadre structur\u00e9 pour la validation, la v\u00e9rification et l&rsquo;enregistrement des projets, en veillant \u00e0 ce qu&rsquo;ils r\u00e9pondent aux normes reconnues \u00e0 l&rsquo;\u00e9chelle mondiale. Des audits ind\u00e9pendants seront r\u00e9alis\u00e9s pour \u00e9valuer la conformit\u00e9 des projets, ce qui assure un processus de v\u00e9rification cr\u00e9dible et impartial. Seuls les projets conformes seront r\u00e9pertori\u00e9s, contribuant ainsi \u00e0 la cr\u00e9ation d&rsquo;un \u00e9cosyst\u00e8me de confiance qui favorise le respect des r\u00e9glementations et rend le march\u00e9 carbone national plus fiable.<\/p>\n<p>Enfin, la troisi\u00e8me mission de l&rsquo;AEPC consiste \u00e0 faciliter l&rsquo;enregistrement et le suivi des projets carbone. En tant que repr\u00e9sentante de l&rsquo;\u00c9tat, elle veille \u00e0 prot\u00e9ger les int\u00e9r\u00eats de la R\u00e9publique du B\u00e9nin et rendre son march\u00e9 carbone comp\u00e9titif. L&rsquo;AEPC g\u00e8re le registre national et recense tous les projets carbone valid\u00e9s. Elle joue \u00e9galement un r\u00f4le d&rsquo;accompagnement en aidant les porteurs de projets \u00e0 comprendre les modalit\u00e9s d&rsquo;enregistrement aupr\u00e8s de l\u2019autorit\u00e9. En collaboration avec le Conseil b\u00e9ninois du D\u00e9veloppement durable, l&rsquo;AEPC d\u00e9cide \u00e9galement de la participation du B\u00e9nin \u00e0 des approches et m\u00e9canismes conformes \u00e0 l\u2019article 6 de l&rsquo;Accord de Paris, renfor\u00e7ant ainsi l&rsquo;engagement du B\u00e9nin vers une \u00e9conomie plus respectueuse de l&rsquo;environnement.<\/p>\n        <\/div>\n      <\/div>\n    <\/div>\n  <\/div>\n  \n  \n  <\/div>\n\n<\/section>","protected":false},"excerpt":{"rendered":"","protected":false},"author":1,"featured_media":0,"parent":0,"menu_order":0,"comment_status":"closed","ping_status":"closed","template":"","meta":{"om_disable_all_campaigns":false,"_monsterinsights_skip_tracking":false,"_monsterinsights_sitenote_active":false,"_monsterinsights_sitenote_note":"","_monsterinsights_sitenote_category":0,"_uf_show_specific_survey":0,"_uf_disable_surveys":false,"footnotes":""},"class_list":["post-641","page","type-page","status-publish","hentry"],"aioseo_notices":[],"yoast_head":"<!-- This site is optimized with the Yoast SEO plugin v23.1 - https:\/\/yoast.com\/wordpress\/plugins\/seo\/ -->\n<title>Vision et missions - Autorit\u00e9 d&#039;Enregistrement des Projets Carbone<\/title>\n<meta name=\"robots\" content=\"index, follow, max-snippet:-1, max-image-preview:large, max-video-preview:-1\" \/>\n<link rel=\"canonical\" href=\"https:\/\/www.aepcbenin.com\/?page_id=641\" \/>\n<meta property=\"og:locale\" content=\"fr_FR\" \/>\n<meta property=\"og:type\" content=\"article\" \/>\n<meta property=\"og:title\" content=\"Vision et missions - Autorit\u00e9 d&#039;Enregistrement des Projets Carbone\" \/>\n<meta property=\"og:url\" content=\"https:\/\/www.aepcbenin.com\/?page_id=641\" \/>\n<meta property=\"og:site_name\" content=\"Autorit\u00e9 d&#039;Enregistrement des Projets Carbone\" \/>\n<meta property=\"article:modified_time\" content=\"2023-11-16T08:43:03+00:00\" \/>\n<meta name=\"twitter:card\" content=\"summary_large_image\" \/>\n<script type=\"application\/ld+json\" class=\"yoast-schema-graph\">{\"@context\":\"https:\/\/schema.org\",\"@graph\":[{\"@type\":\"WebPage\",\"@id\":\"https:\/\/www.aepcbenin.com\/?page_id=641\",\"url\":\"https:\/\/www.aepcbenin.com\/?page_id=641\",\"name\":\"Vision et missions - Autorit\u00e9 d&#039;Enregistrement des Projets Carbone\",\"isPartOf\":{\"@id\":\"https:\/\/www.aepcbenin.com\/#website\"},\"datePublished\":\"2023-09-28T17:15:42+00:00\",\"dateModified\":\"2023-11-16T08:43:03+00:00\",\"breadcrumb\":{\"@id\":\"https:\/\/www.aepcbenin.com\/?page_id=641#breadcrumb\"},\"inLanguage\":\"fr-FR\",\"potentialAction\":[{\"@type\":\"ReadAction\",\"target\":[\"https:\/\/www.aepcbenin.com\/?page_id=641\"]}]},{\"@type\":\"BreadcrumbList\",\"@id\":\"https:\/\/www.aepcbenin.com\/?page_id=641#breadcrumb\",\"itemListElement\":[{\"@type\":\"ListItem\",\"position\":1,\"name\":\"Accueil\",\"item\":\"https:\/\/www.aepcbenin.com\/\"},{\"@type\":\"ListItem\",\"position\":2,\"name\":\"Vision et missions\"}]},{\"@type\":\"WebSite\",\"@id\":\"https:\/\/www.aepcbenin.com\/#website\",\"url\":\"https:\/\/www.aepcbenin.com\/\",\"name\":\"Autorite Enregistrement des Projets Carbone\",\"description\":\"\",\"publisher\":{\"@id\":\"https:\/\/www.aepcbenin.com\/#organization\"},\"potentialAction\":[{\"@type\":\"SearchAction\",\"target\":{\"@type\":\"EntryPoint\",\"urlTemplate\":\"https:\/\/www.aepcbenin.com\/?s={search_term_string}\"},\"query-input\":\"required name=search_term_string\"}],\"inLanguage\":\"fr-FR\"},{\"@type\":\"Organization\",\"@id\":\"https:\/\/www.aepcbenin.com\/#organization\",\"name\":\"Autorite Enregistrement des Projets Carbone\",\"url\":\"https:\/\/www.aepcbenin.com\/\",\"logo\":{\"@type\":\"ImageObject\",\"inLanguage\":\"fr-FR\",\"@id\":\"https:\/\/www.aepcbenin.com\/#\/schema\/logo\/image\/\",\"url\":\"https:\/\/www.aepcbenin.com\/wp-content\/uploads\/2023\/10\/aepc-icon-1.png\",\"contentUrl\":\"https:\/\/www.aepcbenin.com\/wp-content\/uploads\/2023\/10\/aepc-icon-1.png\",\"width\":512,\"height\":522,\"caption\":\"Autorite Enregistrement des Projets Carbone\"},\"image\":{\"@id\":\"https:\/\/www.aepcbenin.com\/#\/schema\/logo\/image\/\"}}]}<\/script>\n<!-- \/ Yoast SEO plugin. -->","yoast_head_json":{"title":"Vision et missions - Autorit\u00e9 d&#039;Enregistrement des Projets Carbone","robots":{"index":"index","follow":"follow","max-snippet":"max-snippet:-1","max-image-preview":"max-image-preview:large","max-video-preview":"max-video-preview:-1"},"canonical":"https:\/\/www.aepcbenin.com\/?page_id=641","og_locale":"fr_FR","og_type":"article","og_title":"Vision et missions - Autorit\u00e9 d&#039;Enregistrement des Projets Carbone","og_url":"https:\/\/www.aepcbenin.com\/?page_id=641","og_site_name":"Autorit\u00e9 d&#039;Enregistrement des Projets Carbone","article_modified_time":"2023-11-16T08:43:03+00:00","twitter_card":"summary_large_image","schema":{"@context":"https:\/\/schema.org","@graph":[{"@type":"WebPage","@id":"https:\/\/www.aepcbenin.com\/?page_id=641","url":"https:\/\/www.aepcbenin.com\/?page_id=641","name":"Vision et missions - Autorit\u00e9 d&#039;Enregistrement des Projets Carbone","isPartOf":{"@id":"https:\/\/www.aepcbenin.com\/#website"},"datePublished":"2023-09-28T17:15:42+00:00","dateModified":"2023-11-16T08:43:03+00:00","breadcrumb":{"@id":"https:\/\/www.aepcbenin.com\/?page_id=641#breadcrumb"},"inLanguage":"fr-FR","potentialAction":[{"@type":"ReadAction","target":["https:\/\/www.aepcbenin.com\/?page_id=641"]}]},{"@type":"BreadcrumbList","@id":"https:\/\/www.aepcbenin.com\/?page_id=641#breadcrumb","itemListElement":[{"@type":"ListItem","position":1,"name":"Accueil","item":"https:\/\/www.aepcbenin.com\/"},{"@type":"ListItem","position":2,"name":"Vision et missions"}]},{"@type":"WebSite","@id":"https:\/\/www.aepcbenin.com\/#website","url":"https:\/\/www.aepcbenin.com\/","name":"Autorite Enregistrement des Projets Carbone","description":"","publisher":{"@id":"https:\/\/www.aepcbenin.com\/#organization"},"potentialAction":[{"@type":"SearchAction","target":{"@type":"EntryPoint","urlTemplate":"https:\/\/www.aepcbenin.com\/?s={search_term_string}"},"query-input":"required name=search_term_string"}],"inLanguage":"fr-FR"},{"@type":"Organization","@id":"https:\/\/www.aepcbenin.com\/#organization","name":"Autorite Enregistrement des Projets Carbone","url":"https:\/\/www.aepcbenin.com\/","logo":{"@type":"ImageObject","inLanguage":"fr-FR","@id":"https:\/\/www.aepcbenin.com\/#\/schema\/logo\/image\/","url":"https:\/\/www.aepcbenin.com\/wp-content\/uploads\/2023\/10\/aepc-icon-1.png","contentUrl":"https:\/\/www.aepcbenin.com\/wp-content\/uploads\/2023\/10\/aepc-icon-1.png","width":512,"height":522,"caption":"Autorite Enregistrement des Projets Carbone"},"image":{"@id":"https:\/\/www.aepcbenin.com\/#\/schema\/logo\/image\/"}}]}},"acf":[],"_links":{"self":[{"href":"https:\/\/www.aepcbenin.com\/index.php?rest_route=\/wp\/v2\/pages\/641","targetHints":{"allow":["GET"]}}],"collection":[{"href":"https:\/\/www.aepcbenin.com\/index.php?rest_route=\/wp\/v2\/pages"}],"about":[{"href":"https:\/\/www.aepcbenin.com\/index.php?rest_route=\/wp\/v2\/types\/page"}],"author":[{"embeddable":true,"href":"https:\/\/www.aepcbenin.com\/index.php?rest_route=\/wp\/v2\/users\/1"}],"replies":[{"embeddable":true,"href":"https:\/\/www.aepcbenin.com\/index.php?rest_route=%2Fwp%2Fv2%2Fcomments&post=641"}],"version-history":[{"count":5,"href":"https:\/\/www.aepcbenin.com\/index.php?rest_route=\/wp\/v2\/pages\/641\/revisions"}],"predecessor-version":[{"id":1435,"href":"https:\/\/www.aepcbenin.com\/index.php?rest_route=\/wp\/v2\/pages\/641\/revisions\/1435"}],"wp:attachment":[{"href":"https:\/\/www.aepcbenin.com\/index.php?rest_route=%2Fwp%2Fv2%2Fmedia&parent=641"}],"curies":[{"name":"wp","href":"https:\/\/api.w.org\/{rel}","templated":true}]}}